{"id":10,"date":"2024-10-08T18:43:10","date_gmt":"2024-10-08T18:43:10","guid":{"rendered":"http:\/\/stechstube.ch\/?page_id=10"},"modified":"2024-10-13T10:41:34","modified_gmt":"2024-10-13T10:41:34","slug":"zur-besprechung","status":"publish","type":"page","link":"https:\/\/stechstube.ch\/?page_id=10","title":{"rendered":"zur Besprechung"},"content":{"rendered":"\n<pre class=\"wp-block-preformatted\">Eine neue T\u00e4towierung ist oft mit einigen Fragen verbunden.<br><br> <br><br>- Was soll es f\u00fcr ein Motiv sein?<br><br>- Und in welcher Stilrichtung?<br><br>- Welche K\u00f6rperstelle soll das Tattoo schm\u00fccken?<br><br>- Was muss ich zum Termin alles mitbringen, damit das Tattoo so herauskommt, wie ich mir es vorstelle?<br><br>- Und zeichnen kann ich ja auch nicht\u2026 Muss ich selber jemanden finden, der mir eine Skizze macht?<br><br><br> <br><br>Um diese und andere Fragen zu beantworten, laden wir Dich gerne zu einem Besprechungs-Termin in die Stechstube nach St. Erhard ein.<br><br><br>Bring zu diesem Termin am besten einige Vorschl\u00e4ge von m\u00f6glichen Motiven, Stilrichtungen oder Elementen mit, die Du Dir gerne t\u00e4towieren lassen m\u00f6chtest. Gemeinsam werden wir aus Deinen Vorstellungen und unseren Inputs ein pers\u00f6nliches und einzigartiges Motiv erstellen.<br>Um gr\u00f6ssere Motive zu realisieren, brauchen wir einige Tage Zeit. Sobald wir den Vorschlag fertig haben, laden wir Dich zu einer weiteren Besprechung ein und schauen gemeinsam, ob die Zeichnung Deinen Vorstellungen entspricht.<br><br>Und zwar so lange bis es Dir zu 100 Prozent passt \u2013 nur so wirst Du ein Leben lang Freude an Deinem K\u00f6rperschmuck haben.<br><br> <br><br>Wir freuen uns, gemeinsam mit Dir etwas Neues und Einzigartiges zu gestalten.<br><br><br>Also dann, bis zum n\u00e4chsten Termin...<br><br>Vereinbaren kannst Du diesen per Mail unter info@stechstube.ch<br>oder direkt bei priscilla@stechstube.ch oder figa@stechstube.ch<\/pre>\n\n\n\n<figure class=\"wp-block-image size-full\"><img loading=\"lazy\" decoding=\"async\" width=\"2560\" height=\"1920\" src=\"http:\/\/stechstube.ch\/wp-content\/uploads\/2024\/10\/IMG_3520-scaled.jpeg\" alt=\"\" class=\"wp-image-167\" srcset=\"https:\/\/stechstube.ch\/wp-content\/uploads\/2024\/10\/IMG_3520-scaled.jpeg 2560w, https:\/\/stechstube.ch\/wp-content\/uploads\/2024\/10\/IMG_3520-300x225.jpeg 300w, https:\/\/stechstube.ch\/wp-content\/uploads\/2024\/10\/IMG_3520-1024x768.jpeg 1024w, https:\/\/stechstube.ch\/wp-content\/uploads\/2024\/10\/IMG_3520-768x576.jpeg 768w, https:\/\/stechstube.ch\/wp-content\/uploads\/2024\/10\/IMG_3520-1536x1152.jpeg 1536w, https:\/\/stechstube.ch\/wp-content\/uploads\/2024\/10\/IMG_3520-2048x1536.jpeg 2048w\" sizes=\"auto, (max-width: 2560px) 100vw, 2560px\" \/><\/figure>\n\n\n\n<hr class=\"wp-block-separator has-alpha-channel-opacity\"\/>\n","protected":false},"excerpt":{"rendered":"<p>Eine neue T\u00e4towierung ist oft mit einigen Fragen verbunden. &#8211; Was soll es f\u00fcr ein Motiv sein?- Und in welcher Stilrichtung?- Welche K\u00f6rperstelle soll das [&hellip;]<\/p>\n","protected":false},"author":1,"featured_media":0,"parent":0,"menu_order":0,"comment_status":"closed","ping_status":"closed","template":"","meta":{"footnotes":""},"class_list":["post-10","page","type-page","status-publish","hentry"],"_links":{"self":[{"href":"https:\/\/stechstube.ch\/index.php?rest_route=\/wp\/v2\/pages\/10","targetHints":{"allow":["GET"]}}],"collection":[{"href":"https:\/\/stechstube.ch\/index.php?rest_route=\/wp\/v2\/pages"}],"about":[{"href":"https:\/\/stechstube.ch\/index.php?rest_route=\/wp\/v2\/types\/page"}],"author":[{"embeddable":true,"href":"https:\/\/stechstube.ch\/index.php?rest_route=\/wp\/v2\/users\/1"}],"replies":[{"embeddable":true,"href":"https:\/\/stechstube.ch\/index.php?rest_route=%2Fwp%2Fv2%2Fcomments&post=10"}],"version-history":[{"count":6,"href":"https:\/\/stechstube.ch\/index.php?rest_route=\/wp\/v2\/pages\/10\/revisions"}],"predecessor-version":[{"id":281,"href":"https:\/\/stechstube.ch\/index.php?rest_route=\/wp\/v2\/pages\/10\/revisions\/281"}],"wp:attachment":[{"href":"https:\/\/stechstube.ch\/index.php?rest_route=%2Fwp%2Fv2%2Fmedia&parent=10"}],"curies":[{"name":"wp","href":"https:\/\/api.w.org\/{rel}","templated":true}]}}