{"id":19,"date":"2024-10-08T18:48:27","date_gmt":"2024-10-08T18:48:27","guid":{"rendered":"http:\/\/stechstube.ch\/?page_id=19"},"modified":"2024-10-12T15:13:17","modified_gmt":"2024-10-12T15:13:17","slug":"vor-deinem-termin","status":"publish","type":"page","link":"https:\/\/stechstube.ch\/?page_id=19","title":{"rendered":"vor deinem Termin"},"content":{"rendered":"\n<pre class=\"wp-block-preformatted\">Folgendes solltest Du vor Deinem Stech-Termin beachten:<br> <br>- Komme erholt und nicht \u00fcbern\u00e4chtigt zu Deinem Termin.<br>- Ganz wichtig ist auch, dass du vor der Session etwas isst.<br>- F\u00fcr die St\u00e4rkung zwischendurch empfehlen wir Dir Cola, Traubenzucker oder \u00c4hnliches mitzubringen.<br>- Konsumiere mindestens zwei Tage vor Deinem Termin keinen Alkohol oder Drogen.<br><br>- Ebenfalls verzichten solltest Du mindestens zwei Tage vor dem Termin auf die Einnahme von blutverd\u00fcnnenden Medikamente   wie zum Beispiel Aspirin.<br><br>- Bei Antibiotika-Behandlung muss diese zwei Wochen vor dem Stech-Termin abgeschlossen sein.  <br><br>- Du darfst keinen Sonnenbrand haben. Auch Verletzungen jeglicher Art sind an der zu t\u00e4towierenden Stelle Tabu.<br>- stark behaarte K\u00f6rperstellen empfehlen wir Dir am Vortag zu rasieren und einzucremen.<br><br>- Komm bitte frisch geduscht und mit sauberen Kleidern, falls Du in staubiger oder schmutziger Umgebung arbeitest.<br><br>- Zieh Dir f\u00fcr Deinen Termin weite, bequeme Kleider an. Besonders an der K\u00f6rperstelle, wo Dein Tattoo gestochen wird.<\/pre>\n\n\n\n<figure class=\"wp-block-image size-large\"><img loading=\"lazy\" decoding=\"async\" width=\"1024\" height=\"768\" src=\"http:\/\/stechstube.ch\/wp-content\/uploads\/2024\/10\/IMG_3532-1024x768.jpeg\" alt=\"\" class=\"wp-image-158\" srcset=\"https:\/\/stechstube.ch\/wp-content\/uploads\/2024\/10\/IMG_3532-1024x768.jpeg 1024w, https:\/\/stechstube.ch\/wp-content\/uploads\/2024\/10\/IMG_3532-300x225.jpeg 300w, https:\/\/stechstube.ch\/wp-content\/uploads\/2024\/10\/IMG_3532-768x576.jpeg 768w, https:\/\/stechstube.ch\/wp-content\/uploads\/2024\/10\/IMG_3532-1536x1152.jpeg 1536w, https:\/\/stechstube.ch\/wp-content\/uploads\/2024\/10\/IMG_3532-2048x1536.jpeg 2048w\" sizes=\"auto, (max-width: 1024px) 100vw, 1024px\" \/><\/figure>\n\n\n\n<hr class=\"wp-block-separator has-alpha-channel-opacity\"\/>\n","protected":false},"excerpt":{"rendered":"<p>Folgendes solltest Du vor Deinem Stech-Termin beachten: &#8211; Komme erholt und nicht \u00fcbern\u00e4chtigt zu Deinem Termin.- Ganz wichtig ist auch, dass du vor der Session [&hellip;]<\/p>\n","protected":false},"author":1,"featured_media":0,"parent":0,"menu_order":0,"comment_status":"closed","ping_status":"closed","template":"","meta":{"footnotes":""},"class_list":["post-19","page","type-page","status-publish","hentry"],"_links":{"self":[{"href":"https:\/\/stechstube.ch\/index.php?rest_route=\/wp\/v2\/pages\/19","targetHints":{"allow":["GET"]}}],"collection":[{"href":"https:\/\/stechstube.ch\/index.php?rest_route=\/wp\/v2\/pages"}],"about":[{"href":"https:\/\/stechstube.ch\/index.php?rest_route=\/wp\/v2\/types\/page"}],"author":[{"embeddable":true,"href":"https:\/\/stechstube.ch\/index.php?rest_route=\/wp\/v2\/users\/1"}],"replies":[{"embeddable":true,"href":"https:\/\/stechstube.ch\/index.php?rest_route=%2Fwp%2Fv2%2Fcomments&post=19"}],"version-history":[{"count":3,"href":"https:\/\/stechstube.ch\/index.php?rest_route=\/wp\/v2\/pages\/19\/revisions"}],"predecessor-version":[{"id":233,"href":"https:\/\/stechstube.ch\/index.php?rest_route=\/wp\/v2\/pages\/19\/revisions\/233"}],"wp:attachment":[{"href":"https:\/\/stechstube.ch\/index.php?rest_route=%2Fwp%2Fv2%2Fmedia&parent=19"}],"curies":[{"name":"wp","href":"https:\/\/api.w.org\/{rel}","templated":true}]}}