{"id":26,"date":"2024-10-08T18:50:00","date_gmt":"2024-10-08T18:50:00","guid":{"rendered":"http:\/\/stechstube.ch\/?page_id=26"},"modified":"2024-10-12T16:05:49","modified_gmt":"2024-10-12T16:05:49","slug":"an-deinem-termin","status":"publish","type":"page","link":"https:\/\/stechstube.ch\/?page_id=26","title":{"rendered":"an deinem Termin"},"content":{"rendered":"\n<pre class=\"wp-block-preformatted\">Zum Termin:<br><br><br>- Komm gut ausgeschlafen und n\u00fcchtern.<br>- Lass die Angst zu Hause, T\u00e4towieren soll Freude machen.<br>- Nimm zur St\u00e4rkung ein paar Traubenzucker, Cola oder \u00e4hnliches mit.<br><br>(Vor allem bei einer l\u00e4ngeren Session tut etwas Zucker immer gut.)<br> <br>Terminverschiebung:<br><br><br>Informiere uns bitte rechtzeitig wenn du an deinem Termin krank bist.<br>Wenn Du aus anderen Gr\u00fcnden nicht zum Termin erscheinen kannst, informiere uns bitte mindestens zwei Tage vorher dar\u00fcber. <br><br> <br><br>Bezahlung:<br><br> <br><br>- Bezahlt wird bei uns an Deinem T\u00e4towiertermin in BAR.<br><br>- Bei gr\u00f6sseren Tattoos, respektive bei mehreren Terminen wird jedesmal nach Aufwand abgerechnet.<br><br><\/pre>\n\n\n\n<figure class=\"wp-block-image size-large\"><img loading=\"lazy\" decoding=\"async\" width=\"1024\" height=\"768\" src=\"http:\/\/stechstube.ch\/wp-content\/uploads\/2024\/10\/IMG_3525-1024x768.jpeg\" alt=\"\" class=\"wp-image-161\" srcset=\"https:\/\/stechstube.ch\/wp-content\/uploads\/2024\/10\/IMG_3525-1024x768.jpeg 1024w, https:\/\/stechstube.ch\/wp-content\/uploads\/2024\/10\/IMG_3525-300x225.jpeg 300w, https:\/\/stechstube.ch\/wp-content\/uploads\/2024\/10\/IMG_3525-768x576.jpeg 768w, https:\/\/stechstube.ch\/wp-content\/uploads\/2024\/10\/IMG_3525-1536x1152.jpeg 1536w, https:\/\/stechstube.ch\/wp-content\/uploads\/2024\/10\/IMG_3525-2048x1536.jpeg 2048w\" sizes=\"auto, (max-width: 1024px) 100vw, 1024px\" \/><\/figure>\n\n\n\n<hr class=\"wp-block-separator has-alpha-channel-opacity\"\/>\n","protected":false},"excerpt":{"rendered":"<p>Zum Termin:- Komm gut ausgeschlafen und n\u00fcchtern.- Lass die Angst zu Hause, T\u00e4towieren soll Freude machen.- Nimm zur St\u00e4rkung ein paar Traubenzucker, Cola oder \u00e4hnliches [&hellip;]<\/p>\n","protected":false},"author":1,"featured_media":0,"parent":0,"menu_order":0,"comment_status":"closed","ping_status":"closed","template":"","meta":{"footnotes":""},"class_list":["post-26","page","type-page","status-publish","hentry"],"_links":{"self":[{"href":"https:\/\/stechstube.ch\/index.php?rest_route=\/wp\/v2\/pages\/26","targetHints":{"allow":["GET"]}}],"collection":[{"href":"https:\/\/stechstube.ch\/index.php?rest_route=\/wp\/v2\/pages"}],"about":[{"href":"https:\/\/stechstube.ch\/index.php?rest_route=\/wp\/v2\/types\/page"}],"author":[{"embeddable":true,"href":"https:\/\/stechstube.ch\/index.php?rest_route=\/wp\/v2\/users\/1"}],"replies":[{"embeddable":true,"href":"https:\/\/stechstube.ch\/index.php?rest_route=%2Fwp%2Fv2%2Fcomments&post=26"}],"version-history":[{"count":3,"href":"https:\/\/stechstube.ch\/index.php?rest_route=\/wp\/v2\/pages\/26\/revisions"}],"predecessor-version":[{"id":230,"href":"https:\/\/stechstube.ch\/index.php?rest_route=\/wp\/v2\/pages\/26\/revisions\/230"}],"wp:attachment":[{"href":"https:\/\/stechstube.ch\/index.php?rest_route=%2Fwp%2Fv2%2Fmedia&parent=26"}],"curies":[{"name":"wp","href":"https:\/\/api.w.org\/{rel}","templated":true}]}}