{"id":34,"date":"2024-10-08T18:51:09","date_gmt":"2024-10-08T18:51:09","guid":{"rendered":"http:\/\/stechstube.ch\/?page_id=34"},"modified":"2024-10-12T15:12:40","modified_gmt":"2024-10-12T15:12:40","slug":"nach-deinem-termin","status":"publish","type":"page","link":"https:\/\/stechstube.ch\/?page_id=34","title":{"rendered":"nach deinem Termin"},"content":{"rendered":"\n<pre class=\"wp-block-preformatted\">Pflege:<br><br><br>- Pflege das Tattoo nur mit sauber gewaschenen H\u00e4nden<br><br> <br><br>- Nimm den Verband am selben Abend oder am n\u00e4chsten Morgen ab und wasche die Stelle sorgf\u00e4lltig und gr\u00fcndlich mit kaltem Wasser und PH-neutraler Seife. <br><br>- Tupfe die Hautstelle mit einem sauberen Tuch vorsichtig ab und creme das Tattoo gut ein. Du kannst bei uns im Studio spezielle Tattoo-Care-Salbe kaufen. Auch in der Apotheke kannst du nach einem entsprechenden Produkt fragen.<br><br>- Packe Dein Tattoo wieder mit Frischhaltefolie ein. Zum Befestigen empfehlen wir eine Sensitiv-Pflaster-Kleberolle.<br><br>- Wiederhole dieses Prozedere zweimal t\u00e4glich am Morgen und am Abend. Und dies vom ersten bis zum dritten Tag nach Deinem Termin: frisch waschen, eincr\u00e8men, evtl. einpacken. <br><br>- Ab dem vierten Tag solltest Du das Tattoo w\u00e4hrend zwei bis drei Wochen t\u00e4glich drei- bis viermal gut eincr\u00e8men.<br><br>- W\u00e4hrend der ersten Woche kann die t\u00e4towierte Hautstelle ein wenig jucken. Trotzdem darfst Du auf keinen Fall kratzen. Dies, weil Du beim Kratzen die Farbe entfernen k\u00f6nntest. <br><br>- Beim Abheilen entstehen Hautsch\u00fcppchen. Kratze oder zupfe diese auf keinen Fall weg, sondern cr\u00e8me diese ein.<br><br>.<br><br><br><br>Sch\u00fctze dein Tattoo bis es vollst\u00e4ndig abeheillt ist vor:<br><br>- Schmutz<br><br>- S\u00e4ure<br><br>- Hohen Temperaturen<br><br>- Blut<br><br><br>Du solltest die ersten 2-3 Wochen auf folgendes verzichten:<br> <br>- Sonne \/ Solarium<br><br>- Sauna \/ Dampfbad<br><br>- Sport<br><br>- Chlor-, See- und Meerwasser<\/pre>\n\n\n\n<figure class=\"wp-block-image size-large\"><img loading=\"lazy\" decoding=\"async\" width=\"1024\" height=\"768\" src=\"http:\/\/stechstube.ch\/wp-content\/uploads\/2024\/10\/IMG_3526-1024x768.jpeg\" alt=\"\" class=\"wp-image-162\" srcset=\"https:\/\/stechstube.ch\/wp-content\/uploads\/2024\/10\/IMG_3526-1024x768.jpeg 1024w, https:\/\/stechstube.ch\/wp-content\/uploads\/2024\/10\/IMG_3526-300x225.jpeg 300w, https:\/\/stechstube.ch\/wp-content\/uploads\/2024\/10\/IMG_3526-768x576.jpeg 768w, https:\/\/stechstube.ch\/wp-content\/uploads\/2024\/10\/IMG_3526-1536x1152.jpeg 1536w, https:\/\/stechstube.ch\/wp-content\/uploads\/2024\/10\/IMG_3526-2048x1536.jpeg 2048w\" sizes=\"auto, (max-width: 1024px) 100vw, 1024px\" \/><\/figure>\n\n\n\n<hr class=\"wp-block-separator has-alpha-channel-opacity\"\/>\n","protected":false},"excerpt":{"rendered":"<p>Pflege:- Pflege das Tattoo nur mit sauber gewaschenen H\u00e4nden &#8211; Nimm den Verband am selben Abend oder am n\u00e4chsten Morgen ab und wasche die Stelle [&hellip;]<\/p>\n","protected":false},"author":1,"featured_media":0,"parent":0,"menu_order":0,"comment_status":"closed","ping_status":"closed","template":"","meta":{"footnotes":""},"class_list":["post-34","page","type-page","status-publish","hentry"],"_links":{"self":[{"href":"https:\/\/stechstube.ch\/index.php?rest_route=\/wp\/v2\/pages\/34","targetHints":{"allow":["GET"]}}],"collection":[{"href":"https:\/\/stechstube.ch\/index.php?rest_route=\/wp\/v2\/pages"}],"about":[{"href":"https:\/\/stechstube.ch\/index.php?rest_route=\/wp\/v2\/types\/page"}],"author":[{"embeddable":true,"href":"https:\/\/stechstube.ch\/index.php?rest_route=\/wp\/v2\/users\/1"}],"replies":[{"embeddable":true,"href":"https:\/\/stechstube.ch\/index.php?rest_route=%2Fwp%2Fv2%2Fcomments&post=34"}],"version-history":[{"count":3,"href":"https:\/\/stechstube.ch\/index.php?rest_route=\/wp\/v2\/pages\/34\/revisions"}],"predecessor-version":[{"id":231,"href":"https:\/\/stechstube.ch\/index.php?rest_route=\/wp\/v2\/pages\/34\/revisions\/231"}],"wp:attachment":[{"href":"https:\/\/stechstube.ch\/index.php?rest_route=%2Fwp%2Fv2%2Fmedia&parent=34"}],"curies":[{"name":"wp","href":"https:\/\/api.w.org\/{rel}","templated":true}]}}