{"id":43,"date":"2024-10-08T18:52:12","date_gmt":"2024-10-08T18:52:12","guid":{"rendered":"http:\/\/stechstube.ch\/?page_id=43"},"modified":"2024-10-12T17:43:42","modified_gmt":"2024-10-12T17:43:42","slug":"unser-studio","status":"publish","type":"page","link":"https:\/\/stechstube.ch\/?page_id=43","title":{"rendered":"unser Studio"},"content":{"rendered":"\n<pre class=\"wp-block-preformatted\">Hygiene:<br><br>Wir arbeiten ausschliesslich mit Einwegnadeln und -f\u00fchrungen.<br><br>S\u00e4mtliches von uns verwendete Material ist steril verpackt. Es wird erst in Anwesenheit des Kunden ge\u00f6ffnet und eingespannt.<br><br>S\u00e4mtliche Farben die wir in unserem Studio verwenden, entsprechen bez\u00fcglich Vertr\u00e4glichkeit und Reinheit den gesetzlichen Vorschriften.<br><br>S\u00e4mtliche Farben k\u00f6nnen bis zum Tag der Herstellung nachverfolgt werden.<br><br> <br><br>F\u00fcr jede Farbe gibt es Herstellerzertifikate.<br><br><br>Dank diesen Punkten k\u00f6nnen wir einwandfreie Qualit\u00e4t garantieren.<br><br><\/pre>\n\n\n\n<div class=\"wp-block-group\"><div class=\"wp-block-group__inner-container is-layout-constrained wp-block-group-is-layout-constrained\">\n<div class=\"wp-block-group\"><div class=\"wp-block-group__inner-container is-layout-constrained wp-block-group-is-layout-constrained\">\n<div class=\"wp-block-columns is-layout-flex wp-container-core-columns-is-layout-9d6595d7 wp-block-columns-is-layout-flex\">\n<div class=\"wp-block-column is-layout-flow wp-block-column-is-layout-flow\" style=\"flex-basis:100%\">\n<div class=\"wp-block-columns is-layout-flex wp-container-core-columns-is-layout-9d6595d7 wp-block-columns-is-layout-flex\">\n<div class=\"wp-block-column is-layout-flow wp-block-column-is-layout-flow\"><div class=\"wp-block-image\">\n<figure class=\"alignleft size-full is-resized\"><img decoding=\"async\" src=\"http:\/\/stechstube.ch\/wp-content\/uploads\/2024\/10\/45c63d33-bb70-4810-80ec-6694b40a0100.jpeg\" alt=\"\" class=\"wp-image-278\" style=\"width:601px;height:auto\"\/><\/figure>\n<\/div>\n\n\n<pre class=\"wp-block-preformatted\"><strong><a href=\"https:\/\/stechstube.ch\/?page_id=142\" data-type=\"page\" data-id=\"142\">arbeiten von Priscilla <\/a><\/strong><\/pre>\n<\/div>\n\n\n\n<div class=\"wp-block-column is-layout-flow wp-block-column-is-layout-flow\">\n<figure class=\"wp-block-image size-large is-resized\"><img loading=\"lazy\" decoding=\"async\" width=\"768\" height=\"1024\" src=\"http:\/\/stechstube.ch\/wp-content\/uploads\/2024\/10\/IMG_9749-768x1024.jpg\" alt=\"\" class=\"wp-image-140\" style=\"width:591px;height:auto\" srcset=\"https:\/\/stechstube.ch\/wp-content\/uploads\/2024\/10\/IMG_9749-768x1024.jpg 768w, https:\/\/stechstube.ch\/wp-content\/uploads\/2024\/10\/IMG_9749-225x300.jpg 225w, https:\/\/stechstube.ch\/wp-content\/uploads\/2024\/10\/IMG_9749.jpg 960w\" sizes=\"auto, (max-width: 768px) 100vw, 768px\" \/><\/figure>\n\n\n\n<pre class=\"wp-block-preformatted\"><strong><a href=\"https:\/\/stechstube.ch\/?page_id=144\" data-type=\"page\" data-id=\"144\">arbeiten von Figa<\/a><\/strong><\/pre>\n<\/div>\n<\/div>\n<\/div>\n<\/div>\n<\/div><\/div>\n<\/div><\/div>\n\n\n\n<figure class=\"wp-block-gallery has-nested-images columns-default is-cropped wp-block-gallery-1 is-layout-flex wp-block-gallery-is-layout-flex\">\n<figure class=\"wp-block-image size-large\"><img loading=\"lazy\" decoding=\"async\" width=\"768\" height=\"1024\" data-id=\"169\" src=\"http:\/\/stechstube.ch\/wp-content\/uploads\/2024\/10\/IMG_3522-768x1024.jpeg\" alt=\"\" class=\"wp-image-169\" srcset=\"https:\/\/stechstube.ch\/wp-content\/uploads\/2024\/10\/IMG_3522-768x1024.jpeg 768w, https:\/\/stechstube.ch\/wp-content\/uploads\/2024\/10\/IMG_3522-225x300.jpeg 225w, https:\/\/stechstube.ch\/wp-content\/uploads\/2024\/10\/IMG_3522-1152x1536.jpeg 1152w, https:\/\/stechstube.ch\/wp-content\/uploads\/2024\/10\/IMG_3522-1536x2048.jpeg 1536w, https:\/\/stechstube.ch\/wp-content\/uploads\/2024\/10\/IMG_3522-scaled.jpeg 1920w\" sizes=\"auto, (max-width: 768px) 100vw, 768px\" \/><\/figure>\n\n\n\n<figure class=\"wp-block-image size-large\"><img loading=\"lazy\" decoding=\"async\" width=\"1024\" height=\"768\" data-id=\"168\" src=\"http:\/\/stechstube.ch\/wp-content\/uploads\/2024\/10\/IMG_3523-1024x768.jpeg\" alt=\"\" class=\"wp-image-168\" srcset=\"https:\/\/stechstube.ch\/wp-content\/uploads\/2024\/10\/IMG_3523-1024x768.jpeg 1024w, https:\/\/stechstube.ch\/wp-content\/uploads\/2024\/10\/IMG_3523-300x225.jpeg 300w, https:\/\/stechstube.ch\/wp-content\/uploads\/2024\/10\/IMG_3523-768x576.jpeg 768w, https:\/\/stechstube.ch\/wp-content\/uploads\/2024\/10\/IMG_3523-1536x1152.jpeg 1536w, https:\/\/stechstube.ch\/wp-content\/uploads\/2024\/10\/IMG_3523-2048x1536.jpeg 2048w\" sizes=\"auto, (max-width: 1024px) 100vw, 1024px\" \/><\/figure>\n\n\n\n<figure class=\"wp-block-image size-large\"><img loading=\"lazy\" decoding=\"async\" width=\"1024\" height=\"768\" data-id=\"160\" src=\"http:\/\/stechstube.ch\/wp-content\/uploads\/2024\/10\/IMG_3528-1024x768.jpeg\" alt=\"\" class=\"wp-image-160\" srcset=\"https:\/\/stechstube.ch\/wp-content\/uploads\/2024\/10\/IMG_3528-1024x768.jpeg 1024w, https:\/\/stechstube.ch\/wp-content\/uploads\/2024\/10\/IMG_3528-300x225.jpeg 300w, https:\/\/stechstube.ch\/wp-content\/uploads\/2024\/10\/IMG_3528-768x576.jpeg 768w, https:\/\/stechstube.ch\/wp-content\/uploads\/2024\/10\/IMG_3528-1536x1152.jpeg 1536w, https:\/\/stechstube.ch\/wp-content\/uploads\/2024\/10\/IMG_3528-2048x1536.jpeg 2048w\" sizes=\"auto, (max-width: 1024px) 100vw, 1024px\" \/><\/figure>\n\n\n\n<figure class=\"wp-block-image size-large\"><img loading=\"lazy\" decoding=\"async\" width=\"1024\" height=\"768\" data-id=\"159\" src=\"http:\/\/stechstube.ch\/wp-content\/uploads\/2024\/10\/IMG_3529-1024x768.jpeg\" alt=\"\" class=\"wp-image-159\" srcset=\"https:\/\/stechstube.ch\/wp-content\/uploads\/2024\/10\/IMG_3529-1024x768.jpeg 1024w, https:\/\/stechstube.ch\/wp-content\/uploads\/2024\/10\/IMG_3529-300x225.jpeg 300w, https:\/\/stechstube.ch\/wp-content\/uploads\/2024\/10\/IMG_3529-768x576.jpeg 768w, https:\/\/stechstube.ch\/wp-content\/uploads\/2024\/10\/IMG_3529-1536x1152.jpeg 1536w, https:\/\/stechstube.ch\/wp-content\/uploads\/2024\/10\/IMG_3529-2048x1536.jpeg 2048w\" sizes=\"auto, (max-width: 1024px) 100vw, 1024px\" \/><\/figure>\n\n\n\n<figure class=\"wp-block-image size-large\"><img loading=\"lazy\" decoding=\"async\" width=\"1024\" height=\"768\" data-id=\"166\" src=\"http:\/\/stechstube.ch\/wp-content\/uploads\/2024\/10\/IMG_3519-1024x768.jpeg\" alt=\"\" class=\"wp-image-166\" srcset=\"https:\/\/stechstube.ch\/wp-content\/uploads\/2024\/10\/IMG_3519-1024x768.jpeg 1024w, https:\/\/stechstube.ch\/wp-content\/uploads\/2024\/10\/IMG_3519-300x225.jpeg 300w, https:\/\/stechstube.ch\/wp-content\/uploads\/2024\/10\/IMG_3519-768x576.jpeg 768w, https:\/\/stechstube.ch\/wp-content\/uploads\/2024\/10\/IMG_3519-1536x1152.jpeg 1536w, https:\/\/stechstube.ch\/wp-content\/uploads\/2024\/10\/IMG_3519-2048x1536.jpeg 2048w\" sizes=\"auto, (max-width: 1024px) 100vw, 1024px\" \/><\/figure>\n\n\n\n<figure class=\"wp-block-image size-large\"><img loading=\"lazy\" decoding=\"async\" width=\"768\" height=\"1024\" data-id=\"165\" src=\"http:\/\/stechstube.ch\/wp-content\/uploads\/2024\/10\/IMG_3518-768x1024.jpeg\" alt=\"\" class=\"wp-image-165\" srcset=\"https:\/\/stechstube.ch\/wp-content\/uploads\/2024\/10\/IMG_3518-768x1024.jpeg 768w, https:\/\/stechstube.ch\/wp-content\/uploads\/2024\/10\/IMG_3518-225x300.jpeg 225w, https:\/\/stechstube.ch\/wp-content\/uploads\/2024\/10\/IMG_3518-1152x1536.jpeg 1152w, https:\/\/stechstube.ch\/wp-content\/uploads\/2024\/10\/IMG_3518-1536x2048.jpeg 1536w, https:\/\/stechstube.ch\/wp-content\/uploads\/2024\/10\/IMG_3518-scaled.jpeg 1920w\" sizes=\"auto, (max-width: 768px) 100vw, 768px\" \/><\/figure>\n\n\n\n<figure class=\"wp-block-image size-large\"><img loading=\"lazy\" decoding=\"async\" width=\"1024\" height=\"768\" data-id=\"162\" src=\"http:\/\/stechstube.ch\/wp-content\/uploads\/2024\/10\/IMG_3526-1024x768.jpeg\" alt=\"\" class=\"wp-image-162\" srcset=\"https:\/\/stechstube.ch\/wp-content\/uploads\/2024\/10\/IMG_3526-1024x768.jpeg 1024w, https:\/\/stechstube.ch\/wp-content\/uploads\/2024\/10\/IMG_3526-300x225.jpeg 300w, https:\/\/stechstube.ch\/wp-content\/uploads\/2024\/10\/IMG_3526-768x576.jpeg 768w, https:\/\/stechstube.ch\/wp-content\/uploads\/2024\/10\/IMG_3526-1536x1152.jpeg 1536w, https:\/\/stechstube.ch\/wp-content\/uploads\/2024\/10\/IMG_3526-2048x1536.jpeg 2048w\" sizes=\"auto, (max-width: 1024px) 100vw, 1024px\" \/><\/figure>\n<\/figure>\n\n\n\n<hr class=\"wp-block-separator has-alpha-channel-opacity\"\/>\n","protected":false},"excerpt":{"rendered":"<p>Hygiene:Wir arbeiten ausschliesslich mit Einwegnadeln und -f\u00fchrungen.S\u00e4mtliches von uns verwendete Material ist steril verpackt. Es wird erst in Anwesenheit des Kunden ge\u00f6ffnet und eingespannt.S\u00e4mtliche Farben [&hellip;]<\/p>\n","protected":false},"author":1,"featured_media":0,"parent":0,"menu_order":0,"comment_status":"closed","ping_status":"closed","template":"","meta":{"footnotes":""},"class_list":["post-43","page","type-page","status-publish","hentry"],"_links":{"self":[{"href":"https:\/\/stechstube.ch\/index.php?rest_route=\/wp\/v2\/pages\/43","targetHints":{"allow":["GET"]}}],"collection":[{"href":"https:\/\/stechstube.ch\/index.php?rest_route=\/wp\/v2\/pages"}],"about":[{"href":"https:\/\/stechstube.ch\/index.php?rest_route=\/wp\/v2\/types\/page"}],"author":[{"embeddable":true,"href":"https:\/\/stechstube.ch\/index.php?rest_route=\/wp\/v2\/users\/1"}],"replies":[{"embeddable":true,"href":"https:\/\/stechstube.ch\/index.php?rest_route=%2Fwp%2Fv2%2Fcomments&post=43"}],"version-history":[{"count":14,"href":"https:\/\/stechstube.ch\/index.php?rest_route=\/wp\/v2\/pages\/43\/revisions"}],"predecessor-version":[{"id":280,"href":"https:\/\/stechstube.ch\/index.php?rest_route=\/wp\/v2\/pages\/43\/revisions\/280"}],"wp:attachment":[{"href":"https:\/\/stechstube.ch\/index.php?rest_route=%2Fwp%2Fv2%2Fmedia&parent=43"}],"curies":[{"name":"wp","href":"https:\/\/api.w.org\/{rel}","templated":true}]}}